{"id":19,"date":"2022-06-17T02:20:15","date_gmt":"2022-06-17T02:20:15","guid":{"rendered":"https:\/\/progemin.cl\/?page_id=19"},"modified":"2022-07-25T20:50:54","modified_gmt":"2022-07-25T20:50:54","slug":"historia","status":"publish","type":"page","link":"https:\/\/progemin.cl\/index.php\/historia\/","title":{"rendered":"Historia"},"content":{"rendered":"\n<p><strong>PROGEMIN LTDA.,<\/strong> es una empresa familiar que cuenta con m\u00e1s de 15 a\u00f1os de experiencia en el rubro de la miner\u00eda. Nace en el a\u00f1o 2007, como consecuencia de las diversas necesidades y oportunidades que se han presentado ante los distintos requerimientos de los clientes y el desarrollo del sector minero, brindando soluciones para todo tipo de trabajo en HDPE, PVC, PPR y LDPE, servicios de obras civiles menores y reparaciones de emergencia.<\/p>\n\n\n\n<p>Contamos con diversos equipos y maquinarias de electrofusion, termofusi\u00f3n y control calidad en distintas medidas y en las condiciones necesarias para el correcto resultado de los proyectos.<\/p>\n\n\n\n<p class=\"has-large-font-size\"><strong>Misi\u00f3n<\/strong><\/p>\n\n\n\n<p>Generar relaciones comerciales estables, ofreciendo servicios de calidad y soluci\u00f3n a las necesidades o requerimientos de nuestros clientes, realizando un mejoramiento continuo tanto en el rubro minero como industrial para una satifacci\u00f3n total del cliente, mediante la utilizaci\u00f3n de Geosinteticos HDPE, LDPE y PVC, tuber\u00edas HDPE, PVC y PPR, con personal id\u00f3neo, equipos y maquinarias necesarias para la ejecucion de proyectos de diferentes envergaduras.<\/p>\n\n\n\n<p class=\"has-large-font-size\"><strong>Visi\u00f3n<\/strong><\/p>\n\n\n\n<p>Ser reconocidos como una empresa l\u00edder en soldaduras y soluciones termopl\u00e1sticas, posicionando a la empresa dentro de la gran miner\u00eda y en la industria, contribuyendo de esta manera al progreso de las compa\u00f1\u00edas.<\/p>\n\n\n\n<p><\/p>\n","protected":false},"excerpt":{"rendered":"<p>PROGEMIN LTDA., es una empresa familiar que cuenta con m\u00e1s de 15 a\u00f1os de experiencia en el rubro de la miner\u00eda. Nace en el a\u00f1o 2007, como consecuencia de las [&hellip;]<\/p>\n","protected":false},"author":1,"featured_media":0,"parent":0,"menu_order":0,"comment_status":"closed","ping_status":"closed","template":"","meta":{"footnotes":""},"class_list":{"0":"post-19","1":"page","2":"type-page","3":"status-publish","5":"rishi-post","6":"no-post-thumbnail"},"rishi__cb_customizer_meta":"","_links":{"self":[{"href":"https:\/\/progemin.cl\/index.php\/wp-json\/wp\/v2\/pages\/19","targetHints":{"allow":["GET"]}}],"collection":[{"href":"https:\/\/progemin.cl\/index.php\/wp-json\/wp\/v2\/pages"}],"about":[{"href":"https:\/\/progemin.cl\/index.php\/wp-json\/wp\/v2\/types\/page"}],"author":[{"embeddable":true,"href":"https:\/\/progemin.cl\/index.php\/wp-json\/wp\/v2\/users\/1"}],"replies":[{"embeddable":true,"href":"https:\/\/progemin.cl\/index.php\/wp-json\/wp\/v2\/comments?post=19"}],"version-history":[{"count":3,"href":"https:\/\/progemin.cl\/index.php\/wp-json\/wp\/v2\/pages\/19\/revisions"}],"predecessor-version":[{"id":81,"href":"https:\/\/progemin.cl\/index.php\/wp-json\/wp\/v2\/pages\/19\/revisions\/81"}],"wp:attachment":[{"href":"https:\/\/progemin.cl\/index.php\/wp-json\/wp\/v2\/media?parent=19"}],"curies":[{"name":"wp","href":"https:\/\/api.w.org\/{rel}","templated":true}]}}