{"id":29,"date":"2022-06-17T02:21:34","date_gmt":"2022-06-17T02:21:34","guid":{"rendered":"https:\/\/progemin.cl\/?page_id=29"},"modified":"2022-12-08T01:31:07","modified_gmt":"2022-12-08T01:31:07","slug":"equipos-y-maquinarias","status":"publish","type":"page","link":"https:\/\/progemin.cl\/index.php\/equipos-y-maquinarias\/","title":{"rendered":"Equipos y Maquinarias"},"content":{"rendered":"\n<p>Empresa Progemin Maquinarias y Servicios SpA., dedicada al arriendo de equipos y maquinarias, nace de la empresa Rivas y Seguel Ltda., en el a\u00f1o 2013, esto debido a las diversas necesidades y oportunidades de nuestro clientes en el desarrollo de los servicios para distintos proyectos.&nbsp;<\/p>\n\n\n\n<p>Dentro de nuestros equipos, podr\u00e1 encontrar:<\/p>\n\n\n\n<div class=\"wp-block-media-text alignwide is-stacked-on-mobile\" style=\"grid-template-columns:30% auto\"><figure class=\"wp-block-media-text__media\"><img loading=\"lazy\" decoding=\"async\" width=\"818\" height=\"818\" src=\"https:\/\/progemin.cl\/wp-content\/uploads\/2022\/12\/termofusion-tuberia-hdp-2.png\" alt=\"\" class=\"wp-image-496 size-medium\" srcset=\"https:\/\/progemin.cl\/wp-content\/uploads\/2022\/12\/termofusion-tuberia-hdp-2.png 818w, https:\/\/progemin.cl\/wp-content\/uploads\/2022\/12\/termofusion-tuberia-hdp-2-300x300.png 300w, https:\/\/progemin.cl\/wp-content\/uploads\/2022\/12\/termofusion-tuberia-hdp-2-150x150.png 150w, https:\/\/progemin.cl\/wp-content\/uploads\/2022\/12\/termofusion-tuberia-hdp-2-768x768.png 768w\" sizes=\"auto, (max-width: 818px) 100vw, 818px\" \/><\/figure><div class=\"wp-block-media-text__content\">\n<ol class=\"wp-block-list\">\n<li>Equipo de Termofusi\u00f3n de tuber\u00eda HDPE desde los 25 a 1200 mm<br><br>Equipo CCTV 120 MTS \u2013 Equipo de inspecci\u00f3n de tuber\u00edas, c\u00e1mara fija 40 MM<\/li>\n<\/ol>\n<\/div><\/div>\n\n\n\n<div class=\"wp-block-media-text alignwide is-stacked-on-mobile\" style=\"grid-template-columns:33% auto\"><figure class=\"wp-block-media-text__media\"><img loading=\"lazy\" decoding=\"async\" width=\"300\" height=\"152\" src=\"https:\/\/progemin.cl\/wp-content\/uploads\/2022\/12\/termofusion-geosinteticos-300x152.png\" alt=\"\" class=\"wp-image-335 size-medium\" srcset=\"https:\/\/progemin.cl\/wp-content\/uploads\/2022\/12\/termofusion-geosinteticos-300x152.png 300w, https:\/\/progemin.cl\/wp-content\/uploads\/2022\/12\/termofusion-geosinteticos-1024x520.png 1024w, https:\/\/progemin.cl\/wp-content\/uploads\/2022\/12\/termofusion-geosinteticos-768x390.png 768w, https:\/\/progemin.cl\/wp-content\/uploads\/2022\/12\/termofusion-geosinteticos.png 1218w\" sizes=\"auto, (max-width: 300px) 100vw, 300px\" \/><\/figure><div class=\"wp-block-media-text__content\">\n<p>2. Equipo de Termofusi\u00f3n de distintos tipos de Geosinteticos:<br><br>&#8211; Cu\u00f1a de los 0,75 a 3,0 mm de espesor<br>&#8211; Extrusoras para cord\u00f3n de 3 a 5 mm de di\u00e1metro<br>&#8211; M\u00e1quina de soldadura para PVC de los 0,35 a 1,5 mm de espesor<br>&#8211; Sopladores Industriales de Aire Caliente<\/p>\n<\/div><\/div>\n\n\n\n<div style=\"height:39px\" aria-hidden=\"true\" class=\"wp-block-spacer\"><\/div>\n\n\n\n<div class=\"wp-block-media-text alignwide is-stacked-on-mobile\" style=\"grid-template-columns:34% auto\"><figure class=\"wp-block-media-text__media\"><img loading=\"lazy\" decoding=\"async\" width=\"300\" height=\"152\" src=\"https:\/\/progemin.cl\/wp-content\/uploads\/2022\/12\/control-de-calidad-300x152.png\" alt=\"\" class=\"wp-image-336 size-medium\" srcset=\"https:\/\/progemin.cl\/wp-content\/uploads\/2022\/12\/control-de-calidad-300x152.png 300w, https:\/\/progemin.cl\/wp-content\/uploads\/2022\/12\/control-de-calidad-1024x520.png 1024w, https:\/\/progemin.cl\/wp-content\/uploads\/2022\/12\/control-de-calidad-768x390.png 768w, https:\/\/progemin.cl\/wp-content\/uploads\/2022\/12\/control-de-calidad.png 1218w\" sizes=\"auto, (max-width: 300px) 100vw, 300px\" \/><\/figure><div class=\"wp-block-media-text__content\">\n<p>3. Equipos de Control Calidad:<br><br>&#8211; Tensiometro <br>&#8211; C\u00e1mara de Vac\u00edo<br>&#8211; Aguja para Control de Fuga en la Uni\u00f3n<br>&#8211; Cuponeras<br>&#8211; Spark Tester<\/p>\n<\/div><\/div>\n\n\n\n<div style=\"height:39px\" aria-hidden=\"true\" class=\"wp-block-spacer\"><\/div>\n\n\n\n<div class=\"wp-block-media-text alignwide is-stacked-on-mobile\" style=\"grid-template-columns:34% auto\"><figure class=\"wp-block-media-text__media\"><img loading=\"lazy\" decoding=\"async\" width=\"300\" height=\"153\" src=\"https:\/\/progemin.cl\/wp-content\/uploads\/2022\/12\/generadores-300x153.png\" alt=\"\" class=\"wp-image-337 size-medium\" srcset=\"https:\/\/progemin.cl\/wp-content\/uploads\/2022\/12\/generadores-300x153.png 300w, https:\/\/progemin.cl\/wp-content\/uploads\/2022\/12\/generadores-768x392.png 768w, https:\/\/progemin.cl\/wp-content\/uploads\/2022\/12\/generadores.png 818w\" sizes=\"auto, (max-width: 300px) 100vw, 300px\" \/><\/figure><div class=\"wp-block-media-text__content\">\n<p>4. Generadores<\/p>\n<\/div><\/div>\n\n\n\n<div style=\"height:39px\" aria-hidden=\"true\" class=\"wp-block-spacer\"><\/div>\n\n\n\n<div class=\"wp-block-media-text alignwide is-stacked-on-mobile\" style=\"grid-template-columns:33% auto\"><figure class=\"wp-block-media-text__media\"><img loading=\"lazy\" decoding=\"async\" width=\"300\" height=\"187\" src=\"https:\/\/progemin.cl\/wp-content\/uploads\/2022\/12\/image004-300x187.png\" alt=\"\" class=\"wp-image-495 size-medium\" srcset=\"https:\/\/progemin.cl\/wp-content\/uploads\/2022\/12\/image004-300x187.png 300w, https:\/\/progemin.cl\/wp-content\/uploads\/2022\/12\/image004-768x478.png 768w, https:\/\/progemin.cl\/wp-content\/uploads\/2022\/12\/image004.png 1024w\" sizes=\"auto, (max-width: 300px) 100vw, 300px\" \/><\/figure><div class=\"wp-block-media-text__content\">\n<p>5. Camiones Pluma de alcance de 11 metros y 12 metros.<br><\/p>\n<\/div><\/div>\n","protected":false},"excerpt":{"rendered":"<p>Empresa Progemin Maquinarias y Servicios SpA., dedicada al arriendo de equipos y maquinarias, nace de la empresa Rivas y Seguel Ltda., en el a\u00f1o 2013, esto debido a las diversas [&hellip;]<\/p>\n","protected":false},"author":1,"featured_media":0,"parent":0,"menu_order":0,"comment_status":"closed","ping_status":"closed","template":"","meta":{"footnotes":""},"class_list":{"0":"post-29","1":"page","2":"type-page","3":"status-publish","5":"rishi-post","6":"no-post-thumbnail"},"rishi__cb_customizer_meta":"","_links":{"self":[{"href":"https:\/\/progemin.cl\/index.php\/wp-json\/wp\/v2\/pages\/29","targetHints":{"allow":["GET"]}}],"collection":[{"href":"https:\/\/progemin.cl\/index.php\/wp-json\/wp\/v2\/pages"}],"about":[{"href":"https:\/\/progemin.cl\/index.php\/wp-json\/wp\/v2\/types\/page"}],"author":[{"embeddable":true,"href":"https:\/\/progemin.cl\/index.php\/wp-json\/wp\/v2\/users\/1"}],"replies":[{"embeddable":true,"href":"https:\/\/progemin.cl\/index.php\/wp-json\/wp\/v2\/comments?post=29"}],"version-history":[{"count":7,"href":"https:\/\/progemin.cl\/index.php\/wp-json\/wp\/v2\/pages\/29\/revisions"}],"predecessor-version":[{"id":498,"href":"https:\/\/progemin.cl\/index.php\/wp-json\/wp\/v2\/pages\/29\/revisions\/498"}],"wp:attachment":[{"href":"https:\/\/progemin.cl\/index.php\/wp-json\/wp\/v2\/media?parent=29"}],"curies":[{"name":"wp","href":"https:\/\/api.w.org\/{rel}","templated":true}]}}